{"id":837,"date":"2020-11-14T23:16:10","date_gmt":"2020-11-14T22:16:10","guid":{"rendered":"http:\/\/repensarelfutur.dival.es\/para-descubrir\/contes-pelicules-cancons\/"},"modified":"2021-02-15T16:18:16","modified_gmt":"2021-02-15T15:18:16","slug":"cuentos-peliculas-y-canciones-por-telefono","status":"publish","type":"page","link":"https:\/\/repensarelfutur.dival.es\/es\/para-descubrir\/cuentos-peliculas-y-canciones-por-telefono\/","title":{"rendered":"Cuentos, pel\u00edculas y canciones por tel\u00e9fono"},"content":{"rendered":"","protected":false},"excerpt":{"rendered":"","protected":false},"author":2,"featured_media":3103,"parent":835,"menu_order":0,"comment_status":"closed","ping_status":"closed","template":"page_materiales.php","meta":[],"yoast_head":"<!-- This site is optimized with the Yoast SEO plugin v20.6 - https:\/\/yoast.com\/wordpress\/plugins\/seo\/ -->\n<title>Cuentos, pel\u00edculas y canciones por tel\u00e9fono | Repensar el futuro<\/title>\n<meta name=\"description\" content=\"Cuentos, pel\u00edculas y canciones por tel\u00e9fono\" \/>\n<meta name=\"robots\" content=\"index, follow, max-snippet:-1, max-image-preview:large, max-video-preview:-1\" \/>\n<link rel=\"canonical\" href=\"https:\/\/repensarelfutur.dival.es\/es\/para-descubrir\/cuentos-peliculas-y-canciones-por-telefono\/\" \/>\n<meta property=\"og:locale\" content=\"es_ES\" \/>\n<meta property=\"og:type\" content=\"article\" \/>\n<meta property=\"og:title\" content=\"Cuentos, pel\u00edculas y canciones por tel\u00e9fono | Repensar el futuro\" \/>\n<meta property=\"og:description\" content=\"Cuentos, pel\u00edculas y canciones por tel\u00e9fono\" \/>\n<meta property=\"og:url\" content=\"https:\/\/repensarelfutur.dival.es\/es\/para-descubrir\/cuentos-peliculas-y-canciones-por-telefono\/\" \/>\n<meta property=\"og:site_name\" content=\"Repensar el futuro\" \/>\n<meta property=\"article:modified_time\" content=\"2021-02-15T15:18:16+00:00\" \/>\n<meta property=\"og:image\" content=\"https:\/\/repensarelfutur.dival.es\/wp-content\/uploads\/2021\/03\/repensar-logo.jpg\" \/>\n\t<meta property=\"og:image:width\" content=\"1213\" \/>\n\t<meta property=\"og:image:height\" content=\"245\" \/>\n\t<meta property=\"og:image:type\" content=\"image\/jpeg\" \/>\n<meta name=\"twitter:card\" content=\"summary_large_image\" \/>\n<script type=\"application\/ld+json\" class=\"yoast-schema-graph\">{\"@context\":\"https:\/\/schema.org\",\"@graph\":[{\"@type\":\"WebPage\",\"@id\":\"https:\/\/repensarelfutur.dival.es\/es\/para-descubrir\/cuentos-peliculas-y-canciones-por-telefono\/\",\"url\":\"https:\/\/repensarelfutur.dival.es\/es\/para-descubrir\/cuentos-peliculas-y-canciones-por-telefono\/\",\"name\":\"Cuentos, pel\u00edculas y canciones por tel\u00e9fono | Repensar el futuro\",\"isPartOf\":{\"@id\":\"https:\/\/repensarelfutur.dival.es\/#website\"},\"datePublished\":\"2020-11-14T22:16:10+00:00\",\"dateModified\":\"2021-02-15T15:18:16+00:00\",\"description\":\"Cuentos, pel\u00edculas y canciones por tel\u00e9fono\",\"breadcrumb\":{\"@id\":\"https:\/\/repensarelfutur.dival.es\/es\/para-descubrir\/cuentos-peliculas-y-canciones-por-telefono\/#breadcrumb\"},\"inLanguage\":\"es\",\"potentialAction\":[{\"@type\":\"ReadAction\",\"target\":[\"https:\/\/repensarelfutur.dival.es\/es\/para-descubrir\/cuentos-peliculas-y-canciones-por-telefono\/\"]}]},{\"@type\":\"BreadcrumbList\",\"@id\":\"https:\/\/repensarelfutur.dival.es\/es\/para-descubrir\/cuentos-peliculas-y-canciones-por-telefono\/#breadcrumb\",\"itemListElement\":[{\"@type\":\"ListItem\",\"position\":1,\"name\":\"Home\",\"item\":\"https:\/\/repensarelfutur.dival.es\/es\/\"},{\"@type\":\"ListItem\",\"position\":2,\"name\":\"Para descubrir\",\"item\":\"https:\/\/repensarelfutur.dival.es\/es\/para-descubrir\/\"},{\"@type\":\"ListItem\",\"position\":3,\"name\":\"Cuentos, pel\u00edculas y canciones por tel\u00e9fono\"}]},{\"@type\":\"WebSite\",\"@id\":\"https:\/\/repensarelfutur.dival.es\/#website\",\"url\":\"https:\/\/repensarelfutur.dival.es\/\",\"name\":\"Repensar el futuro\",\"description\":\"Recursos educatius online de la Diputaci\u00f3 de Val\u00e8ncia\",\"publisher\":{\"@id\":\"https:\/\/repensarelfutur.dival.es\/#organization\"},\"potentialAction\":[{\"@type\":\"SearchAction\",\"target\":{\"@type\":\"EntryPoint\",\"urlTemplate\":\"https:\/\/repensarelfutur.dival.es\/?s={search_term_string}\"},\"query-input\":\"required name=search_term_string\"}],\"inLanguage\":\"es\"},{\"@type\":\"Organization\",\"@id\":\"https:\/\/repensarelfutur.dival.es\/#organization\",\"name\":\"Diputaci\u00f3 de Val\u00e8ncia\",\"url\":\"https:\/\/repensarelfutur.dival.es\/\",\"logo\":{\"@type\":\"ImageObject\",\"inLanguage\":\"es\",\"@id\":\"https:\/\/repensarelfutur.dival.es\/#\/schema\/logo\/image\/\",\"url\":\"https:\/\/repensarelfutur.dival.es\/wp-content\/uploads\/2021\/03\/repensar.png\",\"contentUrl\":\"https:\/\/repensarelfutur.dival.es\/wp-content\/uploads\/2021\/03\/repensar.png\",\"width\":841,\"height\":405,\"caption\":\"Diputaci\u00f3 de Val\u00e8ncia\"},\"image\":{\"@id\":\"https:\/\/repensarelfutur.dival.es\/#\/schema\/logo\/image\/\"}}]}<\/script>\n<!-- \/ Yoast SEO plugin. -->","yoast_head_json":{"title":"Cuentos, pel\u00edculas y canciones por tel\u00e9fono | Repensar el futuro","description":"Cuentos, pel\u00edculas y canciones por tel\u00e9fono","robots":{"index":"index","follow":"follow","max-snippet":"max-snippet:-1","max-image-preview":"max-image-preview:large","max-video-preview":"max-video-preview:-1"},"canonical":"https:\/\/repensarelfutur.dival.es\/es\/para-descubrir\/cuentos-peliculas-y-canciones-por-telefono\/","og_locale":"es_ES","og_type":"article","og_title":"Cuentos, pel\u00edculas y canciones por tel\u00e9fono | Repensar el futuro","og_description":"Cuentos, pel\u00edculas y canciones por tel\u00e9fono","og_url":"https:\/\/repensarelfutur.dival.es\/es\/para-descubrir\/cuentos-peliculas-y-canciones-por-telefono\/","og_site_name":"Repensar el futuro","article_modified_time":"2021-02-15T15:18:16+00:00","og_image":[{"width":1213,"height":245,"url":"https:\/\/repensarelfutur.dival.es\/wp-content\/uploads\/2021\/03\/repensar-logo.jpg","type":"image\/jpeg"}],"twitter_card":"summary_large_image","schema":{"@context":"https:\/\/schema.org","@graph":[{"@type":"WebPage","@id":"https:\/\/repensarelfutur.dival.es\/es\/para-descubrir\/cuentos-peliculas-y-canciones-por-telefono\/","url":"https:\/\/repensarelfutur.dival.es\/es\/para-descubrir\/cuentos-peliculas-y-canciones-por-telefono\/","name":"Cuentos, pel\u00edculas y canciones por tel\u00e9fono | Repensar el futuro","isPartOf":{"@id":"https:\/\/repensarelfutur.dival.es\/#website"},"datePublished":"2020-11-14T22:16:10+00:00","dateModified":"2021-02-15T15:18:16+00:00","description":"Cuentos, pel\u00edculas y canciones por tel\u00e9fono","breadcrumb":{"@id":"https:\/\/repensarelfutur.dival.es\/es\/para-descubrir\/cuentos-peliculas-y-canciones-por-telefono\/#breadcrumb"},"inLanguage":"es","potentialAction":[{"@type":"ReadAction","target":["https:\/\/repensarelfutur.dival.es\/es\/para-descubrir\/cuentos-peliculas-y-canciones-por-telefono\/"]}]},{"@type":"BreadcrumbList","@id":"https:\/\/repensarelfutur.dival.es\/es\/para-descubrir\/cuentos-peliculas-y-canciones-por-telefono\/#breadcrumb","itemListElement":[{"@type":"ListItem","position":1,"name":"Home","item":"https:\/\/repensarelfutur.dival.es\/es\/"},{"@type":"ListItem","position":2,"name":"Para descubrir","item":"https:\/\/repensarelfutur.dival.es\/es\/para-descubrir\/"},{"@type":"ListItem","position":3,"name":"Cuentos, pel\u00edculas y canciones por tel\u00e9fono"}]},{"@type":"WebSite","@id":"https:\/\/repensarelfutur.dival.es\/#website","url":"https:\/\/repensarelfutur.dival.es\/","name":"Repensar el futuro","description":"Recursos educatius online de la Diputaci\u00f3 de Val\u00e8ncia","publisher":{"@id":"https:\/\/repensarelfutur.dival.es\/#organization"},"potentialAction":[{"@type":"SearchAction","target":{"@type":"EntryPoint","urlTemplate":"https:\/\/repensarelfutur.dival.es\/?s={search_term_string}"},"query-input":"required name=search_term_string"}],"inLanguage":"es"},{"@type":"Organization","@id":"https:\/\/repensarelfutur.dival.es\/#organization","name":"Diputaci\u00f3 de Val\u00e8ncia","url":"https:\/\/repensarelfutur.dival.es\/","logo":{"@type":"ImageObject","inLanguage":"es","@id":"https:\/\/repensarelfutur.dival.es\/#\/schema\/logo\/image\/","url":"https:\/\/repensarelfutur.dival.es\/wp-content\/uploads\/2021\/03\/repensar.png","contentUrl":"https:\/\/repensarelfutur.dival.es\/wp-content\/uploads\/2021\/03\/repensar.png","width":841,"height":405,"caption":"Diputaci\u00f3 de Val\u00e8ncia"},"image":{"@id":"https:\/\/repensarelfutur.dival.es\/#\/schema\/logo\/image\/"}}]}},"_links":{"self":[{"href":"https:\/\/repensarelfutur.dival.es\/es\/wp-json\/wp\/v2\/pages\/837"}],"collection":[{"href":"https:\/\/repensarelfutur.dival.es\/es\/wp-json\/wp\/v2\/pages"}],"about":[{"href":"https:\/\/repensarelfutur.dival.es\/es\/wp-json\/wp\/v2\/types\/page"}],"author":[{"embeddable":true,"href":"https:\/\/repensarelfutur.dival.es\/es\/wp-json\/wp\/v2\/users\/2"}],"replies":[{"embeddable":true,"href":"https:\/\/repensarelfutur.dival.es\/es\/wp-json\/wp\/v2\/comments?post=837"}],"version-history":[{"count":6,"href":"https:\/\/repensarelfutur.dival.es\/es\/wp-json\/wp\/v2\/pages\/837\/revisions"}],"predecessor-version":[{"id":1587,"href":"https:\/\/repensarelfutur.dival.es\/es\/wp-json\/wp\/v2\/pages\/837\/revisions\/1587"}],"up":[{"embeddable":true,"href":"https:\/\/repensarelfutur.dival.es\/es\/wp-json\/wp\/v2\/pages\/835"}],"wp:featuredmedia":[{"embeddable":true,"href":"https:\/\/repensarelfutur.dival.es\/es\/wp-json\/wp\/v2\/media\/3103"}],"wp:attachment":[{"href":"https:\/\/repensarelfutur.dival.es\/es\/wp-json\/wp\/v2\/media?parent=837"}],"curies":[{"name":"wp","href":"https:\/\/api.w.org\/{rel}","templated":true}]}}