{"id":827,"date":"2020-11-14T23:25:51","date_gmt":"2020-11-14T22:25:51","guid":{"rendered":"http:\/\/repensarelfutur.dival.es\/lalfabet-dels-nous-temps\/"},"modified":"2021-03-08T17:27:41","modified_gmt":"2021-03-08T16:27:41","slug":"el-alfabeto-de-los-nuevos-tiempos","status":"publish","type":"page","link":"https:\/\/repensarelfutur.dival.es\/es\/para-aprender\/el-alfabeto-de-los-nuevos-tiempos\/","title":{"rendered":"El alfabeto de los nuevos tiempos"},"content":{"rendered":"<h2 class=\"elemento__titulo single\">El ALFABETO DE LOS NUEVOS TIEMPOS<\/h2>\n<h3><em><strong>Homenaje a Trapiello<\/strong><\/em><\/h3>\n<blockquote><p>\u00abLa palabra no es solo un sistema de representaci\u00f3n de una cosa, un sentir o una idea. La palabra es la cosa misma, y ocupa en sus m\u00ednimos caracteres cuanto significa: en la palabra Nilo discurre el Nilo, dec\u00eda Borges, y el ruise\u00f1or puede cantar si lo desea sin salir de la fronda de estos p\u00e1rrafos\u00bb<\/p><\/blockquote>\n<p><strong>Andr\u00e9s Trapiello<\/strong>, El arca de las palabras, Fundaci\u00f3n Jos\u00e9 Manuel Lara, enero de 2006.<\/p>\n<p>&nbsp;<\/p>\n<p>En esta secci\u00f3n, nos hemos inspirado en <em>El arca de las palabras<\/em> de Andr\u00e9s Trapiello para crear nuestro abecedario ambiental, donde ilustraci\u00f3n y escritura se mezclan realizando una cuidada mirada a determinados t\u00e9rminos de car\u00e1cter sostenible.<\/p>\n<p>Palabras para pensar, para contemplarlas, y por supuesto, para invitaros a crear vuestro propio alfabeto.<\/p>\n<p>Una lectura recomendada a partir de 10 a\u00f1os para realizar una inmersi\u00f3n en los conocimientos b\u00e1sicos de la educaci\u00f3n ambiental.<\/p>\n","protected":false},"excerpt":{"rendered":"<p>El ALFABETO DE LOS NUEVOS TIEMPOS Homenaje a Trapiello \u00abLa palabra no es solo un sistema de representaci\u00f3n de una cosa, un sentir o una idea. La palabra es la cosa misma, y ocupa en sus m\u00ednimos caracteres cuanto significa: en la palabra Nilo discurre el Nilo, dec\u00eda Borges, y el ruise\u00f1or puede cantar si [&hellip;]<\/p>\n","protected":false},"author":2,"featured_media":1533,"parent":952,"menu_order":0,"comment_status":"closed","ping_status":"closed","template":"page_alfabeto.php","meta":[],"yoast_head":"<!-- This site is optimized with the Yoast SEO plugin v20.6 - https:\/\/yoast.com\/wordpress\/plugins\/seo\/ -->\n<title>El alfabeto de los nuevos tiempos | Repensar el futuro<\/title>\n<meta name=\"description\" content=\"El alfabeto de los nuevos tiempos\" \/>\n<meta name=\"robots\" content=\"index, follow, max-snippet:-1, max-image-preview:large, max-video-preview:-1\" \/>\n<link rel=\"canonical\" href=\"https:\/\/repensarelfutur.dival.es\/es\/para-aprender\/el-alfabeto-de-los-nuevos-tiempos\/\" \/>\n<meta property=\"og:locale\" content=\"es_ES\" \/>\n<meta property=\"og:type\" content=\"article\" \/>\n<meta property=\"og:title\" content=\"El alfabeto de los nuevos tiempos | Repensar el futuro\" \/>\n<meta property=\"og:description\" content=\"El alfabeto de los nuevos tiempos\" \/>\n<meta property=\"og:url\" content=\"https:\/\/repensarelfutur.dival.es\/es\/para-aprender\/el-alfabeto-de-los-nuevos-tiempos\/\" \/>\n<meta property=\"og:site_name\" content=\"Repensar el futuro\" \/>\n<meta property=\"article:modified_time\" content=\"2021-03-08T16:27:41+00:00\" \/>\n<meta property=\"og:image\" content=\"https:\/\/repensarelfutur.dival.es\/wp-content\/uploads\/2020\/12\/pixel-1.jpg\" \/>\n\t<meta property=\"og:image:width\" content=\"1800\" \/>\n\t<meta property=\"og:image:height\" content=\"1\" \/>\n\t<meta property=\"og:image:type\" content=\"image\/jpeg\" \/>\n<meta name=\"twitter:card\" content=\"summary_large_image\" \/>\n<meta name=\"twitter:label1\" content=\"Tiempo de lectura\" \/>\n\t<meta name=\"twitter:data1\" content=\"1 minuto\" \/>\n<script type=\"application\/ld+json\" class=\"yoast-schema-graph\">{\"@context\":\"https:\/\/schema.org\",\"@graph\":[{\"@type\":\"WebPage\",\"@id\":\"https:\/\/repensarelfutur.dival.es\/es\/para-aprender\/el-alfabeto-de-los-nuevos-tiempos\/\",\"url\":\"https:\/\/repensarelfutur.dival.es\/es\/para-aprender\/el-alfabeto-de-los-nuevos-tiempos\/\",\"name\":\"El alfabeto de los nuevos tiempos | Repensar el futuro\",\"isPartOf\":{\"@id\":\"https:\/\/repensarelfutur.dival.es\/#website\"},\"datePublished\":\"2020-11-14T22:25:51+00:00\",\"dateModified\":\"2021-03-08T16:27:41+00:00\",\"description\":\"El alfabeto de los nuevos tiempos\",\"breadcrumb\":{\"@id\":\"https:\/\/repensarelfutur.dival.es\/es\/para-aprender\/el-alfabeto-de-los-nuevos-tiempos\/#breadcrumb\"},\"inLanguage\":\"es\",\"potentialAction\":[{\"@type\":\"ReadAction\",\"target\":[\"https:\/\/repensarelfutur.dival.es\/es\/para-aprender\/el-alfabeto-de-los-nuevos-tiempos\/\"]}]},{\"@type\":\"BreadcrumbList\",\"@id\":\"https:\/\/repensarelfutur.dival.es\/es\/para-aprender\/el-alfabeto-de-los-nuevos-tiempos\/#breadcrumb\",\"itemListElement\":[{\"@type\":\"ListItem\",\"position\":1,\"name\":\"Home\",\"item\":\"https:\/\/repensarelfutur.dival.es\/es\/\"},{\"@type\":\"ListItem\",\"position\":2,\"name\":\"Para aprender\",\"item\":\"https:\/\/repensarelfutur.dival.es\/es\/para-aprender\/\"},{\"@type\":\"ListItem\",\"position\":3,\"name\":\"El alfabeto de los nuevos tiempos\"}]},{\"@type\":\"WebSite\",\"@id\":\"https:\/\/repensarelfutur.dival.es\/#website\",\"url\":\"https:\/\/repensarelfutur.dival.es\/\",\"name\":\"Repensar el futuro\",\"description\":\"Recursos educatius online de la Diputaci\u00f3 de Val\u00e8ncia\",\"publisher\":{\"@id\":\"https:\/\/repensarelfutur.dival.es\/#organization\"},\"potentialAction\":[{\"@type\":\"SearchAction\",\"target\":{\"@type\":\"EntryPoint\",\"urlTemplate\":\"https:\/\/repensarelfutur.dival.es\/?s={search_term_string}\"},\"query-input\":\"required name=search_term_string\"}],\"inLanguage\":\"es\"},{\"@type\":\"Organization\",\"@id\":\"https:\/\/repensarelfutur.dival.es\/#organization\",\"name\":\"Diputaci\u00f3 de Val\u00e8ncia\",\"url\":\"https:\/\/repensarelfutur.dival.es\/\",\"logo\":{\"@type\":\"ImageObject\",\"inLanguage\":\"es\",\"@id\":\"https:\/\/repensarelfutur.dival.es\/#\/schema\/logo\/image\/\",\"url\":\"https:\/\/repensarelfutur.dival.es\/wp-content\/uploads\/2021\/03\/repensar.png\",\"contentUrl\":\"https:\/\/repensarelfutur.dival.es\/wp-content\/uploads\/2021\/03\/repensar.png\",\"width\":841,\"height\":405,\"caption\":\"Diputaci\u00f3 de Val\u00e8ncia\"},\"image\":{\"@id\":\"https:\/\/repensarelfutur.dival.es\/#\/schema\/logo\/image\/\"}}]}<\/script>\n<!-- \/ Yoast SEO plugin. -->","yoast_head_json":{"title":"El alfabeto de los nuevos tiempos | Repensar el futuro","description":"El alfabeto de los nuevos tiempos","robots":{"index":"index","follow":"follow","max-snippet":"max-snippet:-1","max-image-preview":"max-image-preview:large","max-video-preview":"max-video-preview:-1"},"canonical":"https:\/\/repensarelfutur.dival.es\/es\/para-aprender\/el-alfabeto-de-los-nuevos-tiempos\/","og_locale":"es_ES","og_type":"article","og_title":"El alfabeto de los nuevos tiempos | Repensar el futuro","og_description":"El alfabeto de los nuevos tiempos","og_url":"https:\/\/repensarelfutur.dival.es\/es\/para-aprender\/el-alfabeto-de-los-nuevos-tiempos\/","og_site_name":"Repensar el futuro","article_modified_time":"2021-03-08T16:27:41+00:00","og_image":[{"width":1800,"height":1,"url":"https:\/\/repensarelfutur.dival.es\/wp-content\/uploads\/2020\/12\/pixel-1.jpg","type":"image\/jpeg"}],"twitter_card":"summary_large_image","twitter_misc":{"Tiempo de lectura":"1 minuto"},"schema":{"@context":"https:\/\/schema.org","@graph":[{"@type":"WebPage","@id":"https:\/\/repensarelfutur.dival.es\/es\/para-aprender\/el-alfabeto-de-los-nuevos-tiempos\/","url":"https:\/\/repensarelfutur.dival.es\/es\/para-aprender\/el-alfabeto-de-los-nuevos-tiempos\/","name":"El alfabeto de los nuevos tiempos | Repensar el futuro","isPartOf":{"@id":"https:\/\/repensarelfutur.dival.es\/#website"},"datePublished":"2020-11-14T22:25:51+00:00","dateModified":"2021-03-08T16:27:41+00:00","description":"El alfabeto de los nuevos tiempos","breadcrumb":{"@id":"https:\/\/repensarelfutur.dival.es\/es\/para-aprender\/el-alfabeto-de-los-nuevos-tiempos\/#breadcrumb"},"inLanguage":"es","potentialAction":[{"@type":"ReadAction","target":["https:\/\/repensarelfutur.dival.es\/es\/para-aprender\/el-alfabeto-de-los-nuevos-tiempos\/"]}]},{"@type":"BreadcrumbList","@id":"https:\/\/repensarelfutur.dival.es\/es\/para-aprender\/el-alfabeto-de-los-nuevos-tiempos\/#breadcrumb","itemListElement":[{"@type":"ListItem","position":1,"name":"Home","item":"https:\/\/repensarelfutur.dival.es\/es\/"},{"@type":"ListItem","position":2,"name":"Para aprender","item":"https:\/\/repensarelfutur.dival.es\/es\/para-aprender\/"},{"@type":"ListItem","position":3,"name":"El alfabeto de los nuevos tiempos"}]},{"@type":"WebSite","@id":"https:\/\/repensarelfutur.dival.es\/#website","url":"https:\/\/repensarelfutur.dival.es\/","name":"Repensar el futuro","description":"Recursos educatius online de la Diputaci\u00f3 de Val\u00e8ncia","publisher":{"@id":"https:\/\/repensarelfutur.dival.es\/#organization"},"potentialAction":[{"@type":"SearchAction","target":{"@type":"EntryPoint","urlTemplate":"https:\/\/repensarelfutur.dival.es\/?s={search_term_string}"},"query-input":"required name=search_term_string"}],"inLanguage":"es"},{"@type":"Organization","@id":"https:\/\/repensarelfutur.dival.es\/#organization","name":"Diputaci\u00f3 de Val\u00e8ncia","url":"https:\/\/repensarelfutur.dival.es\/","logo":{"@type":"ImageObject","inLanguage":"es","@id":"https:\/\/repensarelfutur.dival.es\/#\/schema\/logo\/image\/","url":"https:\/\/repensarelfutur.dival.es\/wp-content\/uploads\/2021\/03\/repensar.png","contentUrl":"https:\/\/repensarelfutur.dival.es\/wp-content\/uploads\/2021\/03\/repensar.png","width":841,"height":405,"caption":"Diputaci\u00f3 de Val\u00e8ncia"},"image":{"@id":"https:\/\/repensarelfutur.dival.es\/#\/schema\/logo\/image\/"}}]}},"_links":{"self":[{"href":"https:\/\/repensarelfutur.dival.es\/es\/wp-json\/wp\/v2\/pages\/827"}],"collection":[{"href":"https:\/\/repensarelfutur.dival.es\/es\/wp-json\/wp\/v2\/pages"}],"about":[{"href":"https:\/\/repensarelfutur.dival.es\/es\/wp-json\/wp\/v2\/types\/page"}],"author":[{"embeddable":true,"href":"https:\/\/repensarelfutur.dival.es\/es\/wp-json\/wp\/v2\/users\/2"}],"replies":[{"embeddable":true,"href":"https:\/\/repensarelfutur.dival.es\/es\/wp-json\/wp\/v2\/comments?post=827"}],"version-history":[{"count":30,"href":"https:\/\/repensarelfutur.dival.es\/es\/wp-json\/wp\/v2\/pages\/827\/revisions"}],"predecessor-version":[{"id":2701,"href":"https:\/\/repensarelfutur.dival.es\/es\/wp-json\/wp\/v2\/pages\/827\/revisions\/2701"}],"up":[{"embeddable":true,"href":"https:\/\/repensarelfutur.dival.es\/es\/wp-json\/wp\/v2\/pages\/952"}],"wp:featuredmedia":[{"embeddable":true,"href":"https:\/\/repensarelfutur.dival.es\/es\/wp-json\/wp\/v2\/media\/1533"}],"wp:attachment":[{"href":"https:\/\/repensarelfutur.dival.es\/es\/wp-json\/wp\/v2\/media?parent=827"}],"curies":[{"name":"wp","href":"https:\/\/api.w.org\/{rel}","templated":true}]}}